{"id":1227,"date":"2025-04-16T14:13:28","date_gmt":"2025-04-16T12:13:28","guid":{"rendered":"https:\/\/www.hotel-rivella.fr\/privacy-policy"},"modified":"2025-05-20T11:37:39","modified_gmt":"2025-05-20T09:37:39","slug":"privacy-policy","status":"publish","type":"page","link":"https:\/\/www.hotel-rivella.fr\/en\/privacy-policy","title":{"rendered":"Privacy Policy"},"content":{"rendered":"<!DOCTYPE html PUBLIC \"-\/\/W3C\/\/DTD HTML 4.0 Transitional\/\/EN\" \"http:\/\/www.w3.org\/TR\/REC-html40\/loose.dtd\">\n<?xml encoding=\"UTF-8\" ?><html>\n<head><style>.kb-row-layout-id3_3ae1c6-78 > .kt-row-column-wrap{align-content:start;}:where(.kb-row-layout-id3_3ae1c6-78 > .kt-row-column-wrap) > .wp-block-kadence-column{justify-content:start;}.kb-row-layout-id3_3ae1c6-78 > .kt-row-column-wrap{column-gap:var(--global-kb-gap-md, 2rem);row-gap:var(--global-kb-gap-md, 2rem);max-width:100%;margin-left:auto;margin-right:auto;padding-top:300px;padding-right:0px;padding-left:0px;grid-template-columns:minmax(0, 1fr);}.kb-row-layout-id3_3ae1c6-78{background-image:url('https:\/\/www.hotel-rivella.fr\/wp-content\/uploads\/2025\/04\/contact-rivella-2.jpg');background-size:cover;background-position:51% 71%;background-attachment:scroll;background-repeat:no-repeat;}.kb-row-layout-id3_3ae1c6-78 > .kt-row-layout-overlay{opacity:0.30;}@media all and (max-width: 1024px){.kb-row-layout-id3_3ae1c6-78 > .kt-row-column-wrap{grid-template-columns:minmax(0, 1fr);}}@media all and (max-width: 767px){.kb-row-layout-id3_3ae1c6-78 > .kt-row-column-wrap{grid-template-columns:minmax(0, 1fr);}}<\/style><\/head>\n<body>\n<div class=\"kb-row-layout-wrap kb-row-layout-id3_3ae1c6-78 alignnone kt-row-has-bg bandeau wp-block-kadence-rowlayout\"><div class=\"kt-row-column-wrap kt-has-1-columns kt-row-layout-equal kt-tab-layout-inherit kt-mobile-layout-row kt-row-valign-top kt-inner-column-height-full\">\n<style>.kadence-column3_0bac98-09 > .kt-inside-inner-col{display:flex;}.kadence-column3_0bac98-09 > .kt-inside-inner-col{padding-bottom:var(--global-kb-spacing-xxs, 0.5rem);}.kadence-column3_0bac98-09 > .kt-inside-inner-col,.kadence-column3_0bac98-09 > .kt-inside-inner-col:before{border-top-left-radius:0px;border-top-right-radius:0px;border-bottom-right-radius:0px;border-bottom-left-radius:0px;}.kadence-column3_0bac98-09 > .kt-inside-inner-col{column-gap:var(--global-kb-gap-sm, 1rem);}.kadence-column3_0bac98-09 > .kt-inside-inner-col{flex-direction:column;justify-content:flex-end;align-items:center;}.kadence-column3_0bac98-09 > .kt-inside-inner-col > .kb-image-is-ratio-size{align-self:stretch;}.kadence-column3_0bac98-09 > .kt-inside-inner-col > .wp-block-kadence-advancedgallery{align-self:stretch;}.kadence-column3_0bac98-09 > .kt-inside-inner-col > .aligncenter{width:100%;}.kt-row-column-wrap > .kadence-column3_0bac98-09{align-self:flex-end;}.kt-inner-column-height-full:not(.kt-has-1-columns) > .wp-block-kadence-column.kadence-column3_0bac98-09{align-self:auto;}.kt-inner-column-height-full:not(.kt-has-1-columns) > .wp-block-kadence-column.kadence-column3_0bac98-09 > .kt-inside-inner-col{flex-direction:column;justify-content:flex-end;}.kadence-column3_0bac98-09 > .kt-inside-inner-col:before{opacity:0.3;}.kadence-column3_0bac98-09{text-align:center;}.kadence-column3_0bac98-09{position:relative;}.kadence-column3_0bac98-09, .kt-inside-inner-col > .kadence-column3_0bac98-09:not(.specificity){margin-bottom:0px;}@media all and (max-width: 1024px){.kt-row-column-wrap > .kadence-column3_0bac98-09{align-self:flex-end;}}@media all and (max-width: 1024px){.kt-inner-column-height-full:not(.kt-has-1-columns) > .wp-block-kadence-column.kadence-column3_0bac98-09{align-self:auto;}}@media all and (max-width: 1024px){.kt-inner-column-height-full:not(.kt-has-1-columns) > .wp-block-kadence-column.kadence-column3_0bac98-09 > .kt-inside-inner-col{flex-direction:column;justify-content:flex-end;}}@media all and (max-width: 1024px){.kadence-column3_0bac98-09 > .kt-inside-inner-col{flex-direction:column;align-items:center;}}@media all and (max-width: 767px){.kt-row-column-wrap > .kadence-column3_0bac98-09{align-self:flex-end;}.kt-inner-column-height-full:not(.kt-has-1-columns) > .wp-block-kadence-column.kadence-column3_0bac98-09{align-self:auto;}.kt-inner-column-height-full:not(.kt-has-1-columns) > .wp-block-kadence-column.kadence-column3_0bac98-09 > .kt-inside-inner-col{flex-direction:column;justify-content:flex-end;}.kadence-column3_0bac98-09 > .kt-inside-inner-col{flex-direction:column;align-items:center;}}<\/style>\n<div class=\"wp-block-kadence-column kadence-column3_0bac98-09 kb-section-dir-vertical bandeau_titre\"><div class=\"kt-inside-inner-col\">\n<div class=\"wp-block-group\"><div class=\"wp-block-group__inner-container is-layout-constrained wp-block-group-is-layout-constrained\"><div class=\"paragraphe_content block35  dark\">\n<h1 class=\"heading1\">Privacy<br>\n<em>Policy<\/em>\n<\/h1>\n<\/div><\/div><\/div>\n<\/div><\/div>\n\n\n<style>.kadence-column3_a9d4c6-b7 > .kt-inside-inner-col{display:flex;}.kadence-column3_a9d4c6-b7 > .kt-inside-inner-col,.kadence-column3_a9d4c6-b7 > .kt-inside-inner-col:before{border-top-left-radius:0px;border-top-right-radius:0px;border-bottom-right-radius:0px;border-bottom-left-radius:0px;}.kadence-column3_a9d4c6-b7 > .kt-inside-inner-col{column-gap:var(--global-kb-gap-sm, 1rem);}.kadence-column3_a9d4c6-b7 > .kt-inside-inner-col{flex-direction:column;justify-content:flex-end;}.kadence-column3_a9d4c6-b7 > .kt-inside-inner-col > .aligncenter{width:100%;}.kt-row-column-wrap > .kadence-column3_a9d4c6-b7{align-self:flex-end;}.kt-inner-column-height-full:not(.kt-has-1-columns) > .wp-block-kadence-column.kadence-column3_a9d4c6-b7{align-self:auto;}.kt-inner-column-height-full:not(.kt-has-1-columns) > .wp-block-kadence-column.kadence-column3_a9d4c6-b7 > .kt-inside-inner-col{flex-direction:column;justify-content:flex-end;}.kadence-column3_a9d4c6-b7 > .kt-inside-inner-col:before{opacity:0.3;}.kadence-column3_a9d4c6-b7{position:relative;}@media all and (max-width: 1024px){.kt-row-column-wrap > .kadence-column3_a9d4c6-b7{align-self:flex-end;}}@media all and (max-width: 1024px){.kt-inner-column-height-full:not(.kt-has-1-columns) > .wp-block-kadence-column.kadence-column3_a9d4c6-b7{align-self:auto;}}@media all and (max-width: 1024px){.kt-inner-column-height-full:not(.kt-has-1-columns) > .wp-block-kadence-column.kadence-column3_a9d4c6-b7 > .kt-inside-inner-col{flex-direction:column;justify-content:flex-end;}}@media all and (max-width: 1024px){.kadence-column3_a9d4c6-b7 > .kt-inside-inner-col{flex-direction:column;}}@media all and (max-width: 767px){.kt-row-column-wrap > .kadence-column3_a9d4c6-b7{align-self:flex-end;}.kt-inner-column-height-full:not(.kt-has-1-columns) > .wp-block-kadence-column.kadence-column3_a9d4c6-b7{align-self:auto;}.kt-inner-column-height-full:not(.kt-has-1-columns) > .wp-block-kadence-column.kadence-column3_a9d4c6-b7 > .kt-inside-inner-col{flex-direction:column;justify-content:flex-end;}.kadence-column3_a9d4c6-b7 > .kt-inside-inner-col{flex-direction:column;}}<\/style>\n<div class=\"wp-block-kadence-column kadence-column3_a9d4c6-b7\"><div class=\"kt-inside-inner-col\"><div class=\"ariane\"><div class=\"container fwcontainer\"><p id=\"breadcrumbs\"><span><span><a href=\"https:\/\/www.hotel-rivella.fr\/en\">Accueil<\/a><\/span><\/span><\/p><\/div><\/div><\/div><\/div>\n\n<\/div><\/div>\n<style>.kb-row-layout-id3_06c5f6-e6 > .kt-row-column-wrap{align-content:start;}:where(.kb-row-layout-id3_06c5f6-e6 > .kt-row-column-wrap) > .wp-block-kadence-column{justify-content:start;}.kb-row-layout-id3_06c5f6-e6 > .kt-row-column-wrap{column-gap:var(--global-kb-gap-md, 2rem);row-gap:var(--global-kb-gap-md, 2rem);max-width:900px;margin-left:auto;margin-right:auto;padding-top:0px;padding-bottom:var(--global-kb-spacing-xs, 1rem);grid-template-columns:minmax(0, 1fr);}.kb-row-layout-id3_06c5f6-e6 > .kt-row-layout-overlay{opacity:0.30;}@media all and (max-width: 1024px){.kb-row-layout-id3_06c5f6-e6 > .kt-row-column-wrap{grid-template-columns:minmax(0, 1fr);}}@media all and (max-width: 767px){.kb-row-layout-id3_06c5f6-e6 > .kt-row-column-wrap{grid-template-columns:minmax(0, 1fr);}}<\/style>\n<div class=\"kb-row-layout-wrap kb-row-layout-id3_06c5f6-e6 alignnone wp-block-kadence-rowlayout\"><div class=\"kt-row-column-wrap kt-has-1-columns kt-row-layout-equal kt-tab-layout-inherit kt-mobile-layout-row kt-row-valign-top\">\n<style>.kadence-column3_f465e3-9f > .kt-inside-inner-col,.kadence-column3_f465e3-9f > .kt-inside-inner-col:before{border-top-left-radius:0px;border-top-right-radius:0px;border-bottom-right-radius:0px;border-bottom-left-radius:0px;}.kadence-column3_f465e3-9f > .kt-inside-inner-col{column-gap:var(--global-kb-gap-sm, 1rem);}.kadence-column3_f465e3-9f > .kt-inside-inner-col{flex-direction:column;}.kadence-column3_f465e3-9f > .kt-inside-inner-col > .aligncenter{width:100%;}.kadence-column3_f465e3-9f > .kt-inside-inner-col:before{opacity:0.3;}.kadence-column3_f465e3-9f{text-align:left;}.kadence-column3_f465e3-9f{position:relative;}@media all and (max-width: 1024px){.kadence-column3_f465e3-9f > .kt-inside-inner-col{flex-direction:column;}}@media all and (max-width: 767px){.kadence-column3_f465e3-9f > .kt-inside-inner-col{flex-direction:column;}}<\/style>\n<div class=\"wp-block-kadence-column kadence-column3_f465e3-9f\"><div class=\"kt-inside-inner-col\"><div class=\"paragraphe_content block35  dark\">\n<h2 class=\"heading2\">Legal Notice<\/h2>\n<p>The H\u00f4tel Rivella website, accessible at <strong><a href=\"https:\/\/www.hotel-rivella.fr\/en\">https:\/\/www.hotel-rivella.fr\/<\/a><\/strong>, is published by the company:<br>\n<strong>H\u00f4tel ODC<\/strong><br>\nLegal form: Simplified Joint Stock Company (SAS)<br>\nSIRET: 98223078100014<br>\nAddress: Parc Armor Tertiaire, 1 rue Jacques Brel, 44800 Saint-Herblain, France<br>\nEmail address: <strong>contact@hotel-rivella.fr<\/strong><br>\nPublication manager: Anne Raguideau<\/p>\n<p>Photo credits: <a href=\"https:\/\/www.levignobledenantes-tourisme.com\/\" target=\"_blank\" rel=\"noopener\"><strong>Office de Tourisme Destination Vignoble Nantais<\/strong><\/a>, Unsplash, Adobe Stock.<\/p>\n<p>Hosting: The site is hosted by: OVH 2 rue Kellermann, 59100 Roubaix \u2013 France Website: <strong><a href=\"https:\/\/www.ovh.com\">https:\/\/www.ovh.com <\/a><\/strong> <\/p>\n<p><strong>Activity:<\/strong><br>\nThe website <a href=\"https:\/\/www.hotel-rivella.fr\/en\"><strong>https:\/\/www.hotel-rivella.fr\/<\/strong><\/a> is a showcase site presenting the Rivella hotel. It does not allow direct booking but offers a link to the external booking platform <a href=\"https:\/\/www.theoriginalshotels.com\/\"><strong>https:\/\/www.theoriginalshotels.com\/<\/strong><\/a>. The data processed on this platform is subject to the latter\u2019s privacy policy.  <\/p>\n<p>This website was designed and created by <a href=\"https:\/\/www.agence-vml.fr\/\"><strong>the communication agency Vingt Mille Lieues.<\/strong><\/a><\/p>\n<\/div><\/div><\/div>\n\n\n<style>.kadence-column3_83e2d3-49 > .kt-inside-inner-col{padding-top:var(--global-kb-spacing-sm, 1.5rem);padding-bottom:var(--global-kb-spacing-lg, 3rem);}.kadence-column3_83e2d3-49 > .kt-inside-inner-col,.kadence-column3_83e2d3-49 > .kt-inside-inner-col:before{border-top-left-radius:0px;border-top-right-radius:0px;border-bottom-right-radius:0px;border-bottom-left-radius:0px;}.kadence-column3_83e2d3-49 > .kt-inside-inner-col{column-gap:var(--global-kb-gap-sm, 1rem);}.kadence-column3_83e2d3-49 > .kt-inside-inner-col{flex-direction:column;}.kadence-column3_83e2d3-49 > .kt-inside-inner-col > .aligncenter{width:100%;}.kadence-column3_83e2d3-49 > .kt-inside-inner-col:before{opacity:0.3;}.kadence-column3_83e2d3-49{text-align:left;}.kadence-column3_83e2d3-49{position:relative;}@media all and (max-width: 1024px){.kadence-column3_83e2d3-49 > .kt-inside-inner-col{flex-direction:column;}}@media all and (max-width: 767px){.kadence-column3_83e2d3-49 > .kt-inside-inner-col{flex-direction:column;}}<\/style>\n<div class=\"wp-block-kadence-column kadence-column3_83e2d3-49\"><div class=\"kt-inside-inner-col\"><div class=\"paragraphe_content block35  dark\">\n<h2 class=\"heading2\">Privacy Policy<\/h2>\n<p>This privacy policy describes how H\u00f4tel Rivella collects, uses, and protects the personal data of users of its website <strong>https:\/\/www.hotel-rivella.fr\/<\/strong>.<\/p>\n<h3 class=\"heading3\"><strong>Data collected  <\/strong><\/h3>\n<p>The personal data collected via the website are:<br>\n\u2013 Last name<br>\n\u2013 First name<br>\n\u2013 Email address<br>\n\u2013 Phone number<\/p>\n<p>This data is collected through the contact form on the website.<\/p>\n<h3 class=\"heading3\"><strong>Purposes and legal basis of processing  <\/strong><\/h3>\n<p>The collected data is used to:<br>\n\u2013 Respond to requests sent via the contact form<br>\n\u2013 Conduct statistical analysis of website traffic<\/p>\n<p>The processing is based on the user\u2019s consent, expressed when submitting the form or accepting cookies.<\/p>\n<h3 class=\"heading3\"><strong>Retention period  <\/strong><\/h3>\n<p>\u2013 Data from the contact form: kept for 3 years from the last exchange with the user.<br>\n\u2013 Data related to analytical cookies: kept for a maximum of 13 months.<\/p>\n<h3 class=\"heading3\"><strong>Recipients and data hosting<\/strong><\/h3>\n<p>The data is processed exclusively by H\u00f4tel ODC. It may be stored with technical service providers such as the host OVH, located in Europe. <\/p>\n<h3 class=\"heading3\"><strong>Cookies  <\/strong><\/h3>\n<p>The site uses cookies for statistical purposes (analytical cookies). Consent is collected via the Complianz solution. <\/p>\n<h3 class=\"heading3\"><strong>User rights  <\/strong><\/h3>\n<p>In accordance with the General Data Protection Regulation (GDPR), you have the following rights:<br>\n\u2013 Right of access to your personal data<br>\n\u2013 Right of rectification<br>\n\u2013 Right to object<br>\n\u2013 Right to erasure (right to be forgotten)<br>\n\u2013 Right to data portability<\/p>\n<p>To exercise these rights, you can contact us at the following address: <strong>contact@hotel-rivella.fr<\/strong><\/p>\n<\/div><\/div><\/div>\n\n<\/div><\/div>\n<\/body>\n<\/html>\n","protected":false},"excerpt":{"rendered":"<p>vide<\/p>\n","protected":false},"author":1,"featured_media":0,"parent":0,"menu_order":0,"comment_status":"closed","ping_status":"closed","template":"","meta":{"_acf_changed":false,"inline_featured_image":false,"footnotes":""},"class_list":["post-1227","page","type-page","status-publish","hentry"],"acf":[],"yoast_head":"<!-- This site is optimized with the Yoast SEO plugin v25.1 - https:\/\/yoast.com\/wordpress\/plugins\/seo\/ -->\n<title>Privacy Policy - H\u00f4tel Rivella<\/title>\n<meta name=\"robots\" content=\"index, follow, max-snippet:-1, max-image-preview:large, max-video-preview:-1\" \/>\n<link rel=\"canonical\" href=\"https:\/\/www.hotel-rivella.fr\/en\/privacy-policy\" \/>\n<meta property=\"og:locale\" content=\"en_US\" \/>\n<meta property=\"og:type\" content=\"article\" \/>\n<meta property=\"og:title\" content=\"Privacy Policy - H\u00f4tel Rivella\" \/>\n<meta property=\"og:description\" content=\"vide\" \/>\n<meta property=\"og:url\" content=\"https:\/\/www.hotel-rivella.fr\/en\/privacy-policy\" \/>\n<meta property=\"og:site_name\" content=\"H\u00f4tel Rivella\" \/>\n<meta property=\"article:publisher\" content=\"https:\/\/www.facebook.com\/people\/The-Originals-Boutique-Htel-Rivella-Clisson\/61576578571504\/\" \/>\n<meta property=\"article:modified_time\" content=\"2025-05-20T09:37:39+00:00\" \/>\n<meta name=\"twitter:card\" content=\"summary_large_image\" \/>\n<script type=\"application\/ld+json\" class=\"yoast-schema-graph\">{\"@context\":\"https:\/\/schema.org\",\"@graph\":[{\"@type\":\"WebPage\",\"@id\":\"https:\/\/www.hotel-rivella.fr\/en\/privacy-policy\",\"url\":\"https:\/\/www.hotel-rivella.fr\/en\/privacy-policy\",\"name\":\"Privacy Policy - H\u00f4tel Rivella\",\"isPartOf\":{\"@id\":\"https:\/\/www.hotel-rivella.fr\/en\/#website\"},\"datePublished\":\"2025-04-16T12:13:28+00:00\",\"dateModified\":\"2025-05-20T09:37:39+00:00\",\"breadcrumb\":{\"@id\":\"https:\/\/www.hotel-rivella.fr\/en\/privacy-policy#breadcrumb\"},\"inLanguage\":\"en-US\",\"potentialAction\":[{\"@type\":\"ReadAction\",\"target\":[\"https:\/\/www.hotel-rivella.fr\/en\/privacy-policy\"]}]},{\"@type\":\"BreadcrumbList\",\"@id\":\"https:\/\/www.hotel-rivella.fr\/en\/privacy-policy#breadcrumb\",\"itemListElement\":[{\"@type\":\"ListItem\",\"position\":1,\"name\":\"Accueil\",\"item\":\"https:\/\/www.hotel-rivella.fr\/en\"},{\"@type\":\"ListItem\",\"position\":2,\"name\":\"Privacy Policy\"}]},{\"@type\":\"WebSite\",\"@id\":\"https:\/\/www.hotel-rivella.fr\/en\/#website\",\"url\":\"https:\/\/www.hotel-rivella.fr\/en\/\",\"name\":\"H\u00f4tel Rivella\",\"description\":\"H\u00f4tel \u00e0 Clisson\",\"publisher\":{\"@id\":\"https:\/\/www.hotel-rivella.fr\/en\/#organization\"},\"potentialAction\":[{\"@type\":\"SearchAction\",\"target\":{\"@type\":\"EntryPoint\",\"urlTemplate\":\"https:\/\/www.hotel-rivella.fr\/en\/?s={search_term_string}\"},\"query-input\":{\"@type\":\"PropertyValueSpecification\",\"valueRequired\":true,\"valueName\":\"search_term_string\"}}],\"inLanguage\":\"en-US\"},{\"@type\":\"Organization\",\"@id\":\"https:\/\/www.hotel-rivella.fr\/en\/#organization\",\"name\":\"H\u00f4tel Rivella\",\"url\":\"https:\/\/www.hotel-rivella.fr\/en\/\",\"logo\":{\"@type\":\"ImageObject\",\"inLanguage\":\"en-US\",\"@id\":\"https:\/\/www.hotel-rivella.fr\/en\/#\/schema\/logo\/image\/\",\"url\":\"https:\/\/www.hotel-rivella.fr\/wp-content\/uploads\/2025\/04\/logo-rivella.png\",\"contentUrl\":\"https:\/\/www.hotel-rivella.fr\/wp-content\/uploads\/2025\/04\/logo-rivella.png\",\"width\":800,\"height\":500,\"caption\":\"H\u00f4tel Rivella\"},\"image\":{\"@id\":\"https:\/\/www.hotel-rivella.fr\/en\/#\/schema\/logo\/image\/\"},\"sameAs\":[\"https:\/\/www.facebook.com\/people\/The-Originals-Boutique-Htel-Rivella-Clisson\/61576578571504\/\",\"https:\/\/www.linkedin.com\/showcase\/htel-rivella-clisson-the-originals-boutique\/about\/\",\"https:\/\/www.instagram.com\/hotel_rivella_clisson\/\"]}]}<\/script>\n<!-- \/ Yoast SEO plugin. -->","yoast_head_json":{"title":"Privacy Policy - H\u00f4tel Rivella","robots":{"index":"index","follow":"follow","max-snippet":"max-snippet:-1","max-image-preview":"max-image-preview:large","max-video-preview":"max-video-preview:-1"},"canonical":"https:\/\/www.hotel-rivella.fr\/en\/privacy-policy","og_locale":"en_US","og_type":"article","og_title":"Privacy Policy - H\u00f4tel Rivella","og_description":"vide","og_url":"https:\/\/www.hotel-rivella.fr\/en\/privacy-policy","og_site_name":"H\u00f4tel Rivella","article_publisher":"https:\/\/www.facebook.com\/people\/The-Originals-Boutique-Htel-Rivella-Clisson\/61576578571504\/","article_modified_time":"2025-05-20T09:37:39+00:00","twitter_card":"summary_large_image","schema":{"@context":"https:\/\/schema.org","@graph":[{"@type":"WebPage","@id":"https:\/\/www.hotel-rivella.fr\/en\/privacy-policy","url":"https:\/\/www.hotel-rivella.fr\/en\/privacy-policy","name":"Privacy Policy - H\u00f4tel Rivella","isPartOf":{"@id":"https:\/\/www.hotel-rivella.fr\/en\/#website"},"datePublished":"2025-04-16T12:13:28+00:00","dateModified":"2025-05-20T09:37:39+00:00","breadcrumb":{"@id":"https:\/\/www.hotel-rivella.fr\/en\/privacy-policy#breadcrumb"},"inLanguage":"en-US","potentialAction":[{"@type":"ReadAction","target":["https:\/\/www.hotel-rivella.fr\/en\/privacy-policy"]}]},{"@type":"BreadcrumbList","@id":"https:\/\/www.hotel-rivella.fr\/en\/privacy-policy#breadcrumb","itemListElement":[{"@type":"ListItem","position":1,"name":"Accueil","item":"https:\/\/www.hotel-rivella.fr\/en"},{"@type":"ListItem","position":2,"name":"Privacy Policy"}]},{"@type":"WebSite","@id":"https:\/\/www.hotel-rivella.fr\/en\/#website","url":"https:\/\/www.hotel-rivella.fr\/en\/","name":"H\u00f4tel Rivella","description":"H\u00f4tel \u00e0 Clisson","publisher":{"@id":"https:\/\/www.hotel-rivella.fr\/en\/#organization"},"potentialAction":[{"@type":"SearchAction","target":{"@type":"EntryPoint","urlTemplate":"https:\/\/www.hotel-rivella.fr\/en\/?s={search_term_string}"},"query-input":{"@type":"PropertyValueSpecification","valueRequired":true,"valueName":"search_term_string"}}],"inLanguage":"en-US"},{"@type":"Organization","@id":"https:\/\/www.hotel-rivella.fr\/en\/#organization","name":"H\u00f4tel Rivella","url":"https:\/\/www.hotel-rivella.fr\/en\/","logo":{"@type":"ImageObject","inLanguage":"en-US","@id":"https:\/\/www.hotel-rivella.fr\/en\/#\/schema\/logo\/image\/","url":"https:\/\/www.hotel-rivella.fr\/wp-content\/uploads\/2025\/04\/logo-rivella.png","contentUrl":"https:\/\/www.hotel-rivella.fr\/wp-content\/uploads\/2025\/04\/logo-rivella.png","width":800,"height":500,"caption":"H\u00f4tel Rivella"},"image":{"@id":"https:\/\/www.hotel-rivella.fr\/en\/#\/schema\/logo\/image\/"},"sameAs":["https:\/\/www.facebook.com\/people\/The-Originals-Boutique-Htel-Rivella-Clisson\/61576578571504\/","https:\/\/www.linkedin.com\/showcase\/htel-rivella-clisson-the-originals-boutique\/about\/","https:\/\/www.instagram.com\/hotel_rivella_clisson\/"]}]}},"_links":{"self":[{"href":"https:\/\/www.hotel-rivella.fr\/en\/wp-json\/wp\/v2\/pages\/1227","targetHints":{"allow":["GET"]}}],"collection":[{"href":"https:\/\/www.hotel-rivella.fr\/en\/wp-json\/wp\/v2\/pages"}],"about":[{"href":"https:\/\/www.hotel-rivella.fr\/en\/wp-json\/wp\/v2\/types\/page"}],"author":[{"embeddable":true,"href":"https:\/\/www.hotel-rivella.fr\/en\/wp-json\/wp\/v2\/users\/1"}],"replies":[{"embeddable":true,"href":"https:\/\/www.hotel-rivella.fr\/en\/wp-json\/wp\/v2\/comments?post=1227"}],"version-history":[{"count":1,"href":"https:\/\/www.hotel-rivella.fr\/en\/wp-json\/wp\/v2\/pages\/1227\/revisions"}],"predecessor-version":[{"id":1228,"href":"https:\/\/www.hotel-rivella.fr\/en\/wp-json\/wp\/v2\/pages\/1227\/revisions\/1228"}],"wp:attachment":[{"href":"https:\/\/www.hotel-rivella.fr\/en\/wp-json\/wp\/v2\/media?parent=1227"}],"curies":[{"name":"wp","href":"https:\/\/api.w.org\/{rel}","templated":true}]}}